{"id":4590,"date":"2024-01-24T15:50:04","date_gmt":"2024-01-24T14:50:04","guid":{"rendered":"https:\/\/www.neoception.com\/gefoerderte-projekte-a-mover\/"},"modified":"2024-01-25T13:04:59","modified_gmt":"2024-01-25T12:04:59","slug":"gefoerderte-projekte-a-mover","status":"publish","type":"page","link":"https:\/\/www.neoception.com\/de\/gefoerderte-projekte-a-mover\/","title":{"rendered":"Gef\u00f6rderte Projekte | A-MoVeR"},"content":{"rendered":"\n\n<div class=\"section container -content py-xl  bg\">\n<p><strong>Agenda |<\/strong> A-MoVeR &#8211; Mobilisierungsagenda f\u00fcr die Entwicklung intelligenter gr\u00fcner Mobilit\u00e4tsprodukte und -systeme<\/p>\n\n\n\n<p><strong>Konsortialf\u00fchrer |<\/strong> Continental Advanced Antenna, Sociedade Unipessoal, Lda.<br><br><strong>Agenda Beschreibung |<\/strong> Die A-Mover Agenda zielt darauf ab, das industrielle Entwicklungsmodell in der Region Tr\u00e1s-os-Montes und Alto Douro durch eine Reihe von Industrieinvestitionen grundlegend zu ver\u00e4ndern. Diese Investitionen erm\u00f6glichen den beteiligten Unternehmen den Einstieg in internationale Segmente mit hohem Mehrwert durch die Schaffung von drei v\u00f6llig innovativen PPS weltweit: (1) die intelligente Vehicle-to-Everything-Antenne f\u00fcr die Kommunikation zwischen Fahrzeugen und anderen Mobilit\u00e4tsakteuren mittels modularer 5G-L\u00f6sungen, (2) ein neues elektrisches Motorrad mit hoher Reichweite, das eine komfortable, effiziente und umweltfreundliche urbane Mobilit\u00e4t f\u00f6rdern soll, und (3) sichere Echtzeit-Informations- und Managementdienste. Diese Dienstleistungen stellen einen Mehrwert f\u00fcr den Automobil-Cluster in der Region dar, indem die Konzepte der Smart Manufacturing und fortschrittlichen Fertigungsprozesse in einer \u201eFabrik der Zukunft\u201c umgesetzt werden.<\/p>\n\n\n\n<p><br><strong>Startdatum |<\/strong> Dezember 1, 2022<br><strong>Fertigstellungsdatum | <\/strong>November 30, 2025<br><strong>Investitionen |<\/strong> 22.724.245,78 EUR<\/p>\n\n\n\n<h2 class=\"heading has-text-align-center wp-block-heading\">WICHTIGSTE STRATEGISCHE ZIELE (\u201eSZ\u201c)<\/h2>\n\n\n\n<ul class=\"is-style-checklist wp-block-list\">\n<li><strong>SZ1.<\/strong> Schaffung eines neuen industriellen Innovations\u00f6kosystems, F\u00f6rderung der regionalen Entwicklung mit Schwerpunkt auf der Automobilindustrie, Steigerung des Exports und Skalierbarkeit auf andere Industrien; <\/li>\n\n\n\n<li><strong>SZ2.<\/strong> Aufbau von zwei Service-Centern f\u00fcr Anwendungen u.a. in der Automobilindustrie; <\/li>\n\n\n\n<li><strong>SZ3. <\/strong>Durchf\u00fchrung grundlegender F&amp;E-Projekte f\u00fcr die Industrie mit Schwerpunkt auf intelligenter Sensorik, Cybersicherheit und Monitoring; <\/li>\n\n\n\n<li><strong>SZ4<\/strong>. Einrichtung von Forschungslabors und Innovationszentren f\u00fcr den Wissenstransfer; OE5. Entwicklung von Fertigungsprozessen und -technologien f\u00fcr intelligente und nachhaltige Industrien.<\/li>\n<\/ul>\n\n\n\n<h2 class=\"heading has-text-align-center wp-block-heading\">ARBEITSPAKETE (\u201eAP\u201c)<\/h2>\n\n\n\n<figure class=\"figure size-large\"><picture class=\"image\"><source media=\"(min-width: 0px)\" data-srcset=\"https:\/\/www.neoception.com\/wp-content\/uploads\/Arbeitspakete.png\"\/><noscript><img fetchpriority=\"high\" decoding=\"async\" src=\"https:\/\/www.neoception.com\/wp-content\/uploads\/Arbeitspakete.png\" alt=\"\" width=\"1024\" height=\"171\"><\/noscript><img loading=\"lazy\" decoding=\"async\" loading=\"lazy\" src=\"data:image\/svg+xml,%3Csvg xmlns=%22http:\/\/www.w3.org\/2000\/svg%22 viewBox=%220 0 1024 171%22 \/%3E\" alt=\"\" data-src=\"https:\/\/www.neoception.com\/wp-content\/uploads\/Arbeitspakete.png\" width=\"1024\" height=\"171\"><\/picture><\/figure>\n<\/div>\n\n\n\n<div class=\"section container -content py-xl  bg\">\n<h2 class=\"heading has-text-align-center wp-block-heading\">ERWARTETE ERGEBNISSE \u2013 PRODUKTE, PROZESSE UND DIENSTLEISTUNGEN (\u201ePPD\u201c)<\/h2>\n\n\n\n<p><strong>PPD1.<\/strong> V2X Intelligentes Antennenmodul <br><strong>PPD2<\/strong>. Hohe Autonomie st\u00e4dtisches Elektro-Motorrad<br><strong>PPD3. <\/strong>Network &amp; Security Operations Center<\/p>\n\n\n\n<p><strong>Beg\u00fcnstigte Einheit<\/strong> | Neoception Unipessoal Limitada<br><strong>Investition des Beg\u00fcnstigten |<\/strong> 686.174,78 EUR<\/p>\n\n\n\n<h3 class=\"heading wp-block-heading\"><a href=\"https:\/\/www.neoception.com\/wp-content\/uploads\/Agenda-A-MoVeR-Ficha-de-projeto_websites-e-redes-sociais.pdf\">Projektbeschreibung (PT).<\/a><\/h3>\n\n\n\n<figure class=\"figure alignleft size-large is-resized\"><picture class=\"image\" style=\"width:717px;height:auto\"><source media=\"(min-width: 0px)\" data-srcset=\"https:\/\/www.neoception.com\/wp-content\/uploads\/Picture1.png\"\/><noscript><img decoding=\"async\" src=\"https:\/\/www.neoception.com\/wp-content\/uploads\/Picture1.png\" alt=\"\" width=\"1024\" height=\"142\"><\/noscript><img loading=\"lazy\" decoding=\"async\" loading=\"lazy\" src=\"data:image\/svg+xml,%3Csvg xmlns=%22http:\/\/www.w3.org\/2000\/svg%22 viewBox=%220 0 512 71%22 \/%3E\" alt=\"\" data-src=\"https:\/\/www.neoception.com\/wp-content\/uploads\/Picture1.png\" width=\"1024\" height=\"142\"><\/picture><\/figure>\n<\/div>\n\n","protected":false},"excerpt":{"rendered":"","protected":false},"author":6,"featured_media":0,"parent":0,"menu_order":0,"comment_status":"closed","ping_status":"closed","template":"","meta":{"content-type":"","hasTableOfContents":false,"footnotes":""},"class_list":["post-4590","page","type-page","status-publish","hentry"],"yoast_head":"<!-- This site is optimized with the Yoast SEO plugin v27.5 - https:\/\/yoast.com\/product\/yoast-seo-wordpress\/ -->\n<title>Gef\u00f6rderte Projekte | A-MoVeR | Neoception<\/title>\n<meta name=\"description\" content=\"A-MoVeR - Mobilisierungsagenda f\u00fcr die Entwicklung intelligenter umweltfreundlicher Mobilit\u00e4tsprodukte und -systeme.\" \/>\n<meta name=\"robots\" content=\"index, follow, max-snippet:-1, max-image-preview:large, max-video-preview:-1\" \/>\n<link rel=\"canonical\" href=\"https:\/\/www.neoception.com\/de\/gefoerderte-projekte-a-mover\/\" \/>\n<meta property=\"og:locale\" content=\"de_DE\" \/>\n<meta property=\"og:type\" content=\"article\" \/>\n<meta property=\"og:title\" content=\"Gef\u00f6rderte Projekte | A-MoVeR | Neoception\" \/>\n<meta property=\"og:description\" content=\"A-MoVeR - Mobilisierungsagenda f\u00fcr die Entwicklung intelligenter umweltfreundlicher Mobilit\u00e4tsprodukte und -systeme.\" \/>\n<meta property=\"og:url\" content=\"https:\/\/www.neoception.com\/de\/gefoerderte-projekte-a-mover\/\" \/>\n<meta property=\"og:site_name\" content=\"Neoception\" \/>\n<meta property=\"article:modified_time\" content=\"2024-01-25T12:04:59+00:00\" \/>\n<meta property=\"og:image\" content=\"https:\/\/www.neoception.com\/wp-content\/uploads\/Arbeitspakete-1024x171.png\" \/>\n<meta name=\"twitter:card\" content=\"summary_large_image\" \/>\n<meta name=\"twitter:label1\" content=\"Est. reading time\" \/>\n\t<meta name=\"twitter:data1\" content=\"2 minutes\" \/>\n<script type=\"application\/ld+json\" class=\"yoast-schema-graph\">{\"@context\":\"https:\\\/\\\/schema.org\",\"@graph\":[{\"@type\":\"WebPage\",\"@id\":\"https:\\\/\\\/www.neoception.com\\\/de\\\/gefoerderte-projekte-a-mover\\\/\",\"url\":\"https:\\\/\\\/www.neoception.com\\\/de\\\/gefoerderte-projekte-a-mover\\\/\",\"name\":\"Gef\u00f6rderte Projekte | A-MoVeR | Neoception\",\"isPartOf\":{\"@id\":\"https:\\\/\\\/www.neoception.com\\\/de\\\/#website\"},\"primaryImageOfPage\":{\"@id\":\"https:\\\/\\\/www.neoception.com\\\/de\\\/gefoerderte-projekte-a-mover\\\/#primaryimage\"},\"image\":{\"@id\":\"https:\\\/\\\/www.neoception.com\\\/de\\\/gefoerderte-projekte-a-mover\\\/#primaryimage\"},\"thumbnailUrl\":\"https:\\\/\\\/www.neoception.com\\\/wp-content\\\/uploads\\\/Arbeitspakete-1024x171.png\",\"datePublished\":\"2024-01-24T14:50:04+00:00\",\"dateModified\":\"2024-01-25T12:04:59+00:00\",\"description\":\"A-MoVeR - Mobilisierungsagenda f\u00fcr die Entwicklung intelligenter umweltfreundlicher Mobilit\u00e4tsprodukte und -systeme.\",\"breadcrumb\":{\"@id\":\"https:\\\/\\\/www.neoception.com\\\/de\\\/gefoerderte-projekte-a-mover\\\/#breadcrumb\"},\"inLanguage\":\"de-DE\",\"potentialAction\":[{\"@type\":\"ReadAction\",\"target\":[\"https:\\\/\\\/www.neoception.com\\\/de\\\/gefoerderte-projekte-a-mover\\\/\"]}]},{\"@type\":\"ImageObject\",\"inLanguage\":\"de-DE\",\"@id\":\"https:\\\/\\\/www.neoception.com\\\/de\\\/gefoerderte-projekte-a-mover\\\/#primaryimage\",\"url\":\"https:\\\/\\\/www.neoception.com\\\/wp-content\\\/uploads\\\/Arbeitspakete-1024x171.png\",\"contentUrl\":\"https:\\\/\\\/www.neoception.com\\\/wp-content\\\/uploads\\\/Arbeitspakete-1024x171.png\"},{\"@type\":\"BreadcrumbList\",\"@id\":\"https:\\\/\\\/www.neoception.com\\\/de\\\/gefoerderte-projekte-a-mover\\\/#breadcrumb\",\"itemListElement\":[{\"@type\":\"ListItem\",\"position\":1,\"name\":\"Home\",\"item\":\"https:\\\/\\\/www.neoception.com\\\/de\\\/think-digital-add-value\\\/\"},{\"@type\":\"ListItem\",\"position\":2,\"name\":\"Gef\u00f6rderte Projekte | A-MoVeR\"}]},{\"@type\":\"WebSite\",\"@id\":\"https:\\\/\\\/www.neoception.com\\\/de\\\/#website\",\"url\":\"https:\\\/\\\/www.neoception.com\\\/de\\\/\",\"name\":\"Neoception\",\"description\":\"Think digital, add value.\",\"potentialAction\":[{\"@type\":\"SearchAction\",\"target\":{\"@type\":\"EntryPoint\",\"urlTemplate\":\"https:\\\/\\\/www.neoception.com\\\/de\\\/?s={search_term_string}\"},\"query-input\":{\"@type\":\"PropertyValueSpecification\",\"valueRequired\":true,\"valueName\":\"search_term_string\"}}],\"inLanguage\":\"de-DE\"}]}<\/script>\n<!-- \/ Yoast SEO plugin. -->","yoast_head_json":{"title":"Gef\u00f6rderte Projekte | A-MoVeR | Neoception","description":"A-MoVeR - Mobilisierungsagenda f\u00fcr die Entwicklung intelligenter umweltfreundlicher Mobilit\u00e4tsprodukte und -systeme.","robots":{"index":"index","follow":"follow","max-snippet":"max-snippet:-1","max-image-preview":"max-image-preview:large","max-video-preview":"max-video-preview:-1"},"canonical":"https:\/\/www.neoception.com\/de\/gefoerderte-projekte-a-mover\/","og_locale":"de_DE","og_type":"article","og_title":"Gef\u00f6rderte Projekte | A-MoVeR | Neoception","og_description":"A-MoVeR - Mobilisierungsagenda f\u00fcr die Entwicklung intelligenter umweltfreundlicher Mobilit\u00e4tsprodukte und -systeme.","og_url":"https:\/\/www.neoception.com\/de\/gefoerderte-projekte-a-mover\/","og_site_name":"Neoception","article_modified_time":"2024-01-25T12:04:59+00:00","og_image":[{"url":"https:\/\/www.neoception.com\/wp-content\/uploads\/Arbeitspakete-1024x171.png","type":"","width":"","height":""}],"twitter_card":"summary_large_image","twitter_misc":{"Est. reading time":"2 minutes"},"schema":{"@context":"https:\/\/schema.org","@graph":[{"@type":"WebPage","@id":"https:\/\/www.neoception.com\/de\/gefoerderte-projekte-a-mover\/","url":"https:\/\/www.neoception.com\/de\/gefoerderte-projekte-a-mover\/","name":"Gef\u00f6rderte Projekte | A-MoVeR | Neoception","isPartOf":{"@id":"https:\/\/www.neoception.com\/de\/#website"},"primaryImageOfPage":{"@id":"https:\/\/www.neoception.com\/de\/gefoerderte-projekte-a-mover\/#primaryimage"},"image":{"@id":"https:\/\/www.neoception.com\/de\/gefoerderte-projekte-a-mover\/#primaryimage"},"thumbnailUrl":"https:\/\/www.neoception.com\/wp-content\/uploads\/Arbeitspakete-1024x171.png","datePublished":"2024-01-24T14:50:04+00:00","dateModified":"2024-01-25T12:04:59+00:00","description":"A-MoVeR - Mobilisierungsagenda f\u00fcr die Entwicklung intelligenter umweltfreundlicher Mobilit\u00e4tsprodukte und -systeme.","breadcrumb":{"@id":"https:\/\/www.neoception.com\/de\/gefoerderte-projekte-a-mover\/#breadcrumb"},"inLanguage":"de-DE","potentialAction":[{"@type":"ReadAction","target":["https:\/\/www.neoception.com\/de\/gefoerderte-projekte-a-mover\/"]}]},{"@type":"ImageObject","inLanguage":"de-DE","@id":"https:\/\/www.neoception.com\/de\/gefoerderte-projekte-a-mover\/#primaryimage","url":"https:\/\/www.neoception.com\/wp-content\/uploads\/Arbeitspakete-1024x171.png","contentUrl":"https:\/\/www.neoception.com\/wp-content\/uploads\/Arbeitspakete-1024x171.png"},{"@type":"BreadcrumbList","@id":"https:\/\/www.neoception.com\/de\/gefoerderte-projekte-a-mover\/#breadcrumb","itemListElement":[{"@type":"ListItem","position":1,"name":"Home","item":"https:\/\/www.neoception.com\/de\/think-digital-add-value\/"},{"@type":"ListItem","position":2,"name":"Gef\u00f6rderte Projekte | A-MoVeR"}]},{"@type":"WebSite","@id":"https:\/\/www.neoception.com\/de\/#website","url":"https:\/\/www.neoception.com\/de\/","name":"Neoception","description":"Think digital, add value.","potentialAction":[{"@type":"SearchAction","target":{"@type":"EntryPoint","urlTemplate":"https:\/\/www.neoception.com\/de\/?s={search_term_string}"},"query-input":{"@type":"PropertyValueSpecification","valueRequired":true,"valueName":"search_term_string"}}],"inLanguage":"de-DE"}]}},"_links":{"self":[{"href":"https:\/\/www.neoception.com\/de\/wp-json\/wp\/v2\/pages\/4590","targetHints":{"allow":["GET"]}}],"collection":[{"href":"https:\/\/www.neoception.com\/de\/wp-json\/wp\/v2\/pages"}],"about":[{"href":"https:\/\/www.neoception.com\/de\/wp-json\/wp\/v2\/types\/page"}],"author":[{"embeddable":true,"href":"https:\/\/www.neoception.com\/de\/wp-json\/wp\/v2\/users\/6"}],"replies":[{"embeddable":true,"href":"https:\/\/www.neoception.com\/de\/wp-json\/wp\/v2\/comments?post=4590"}],"version-history":[{"count":0,"href":"https:\/\/www.neoception.com\/de\/wp-json\/wp\/v2\/pages\/4590\/revisions"}],"wp:attachment":[{"href":"https:\/\/www.neoception.com\/de\/wp-json\/wp\/v2\/media?parent=4590"}],"curies":[{"name":"wp","href":"https:\/\/api.w.org\/{rel}","templated":true}]}}