{"id":1782,"date":"2023-03-07T09:04:16","date_gmt":"2023-03-07T08:04:16","guid":{"rendered":"https:\/\/www.neoception.com\/impressum\/"},"modified":"2026-01-20T15:48:40","modified_gmt":"2026-01-20T14:48:40","slug":"impressum","status":"publish","type":"page","link":"https:\/\/www.neoception.com\/de\/impressum\/","title":{"rendered":"Impressum"},"content":{"rendered":"\n\n<div class=\"section container -content py-xl  bg\">\n<h2 class=\"heading wp-block-heading\">1. Allgemeines<\/h2>\n\n\n\n<p>Eigent\u00fcmer und Betreiber dieser Website (die \u201eWebsite\u201c) ist<br\/><strong>Neoception GmbH<\/strong><br\/>Ein Unternehmen der Pepperl+Fuchs Gruppe<br\/>Mallaustrasse 50-56<br\/>D-68219 Mannheim<br\/><br\/><a href=\"http:\/\/www.neoception.com\">www.neoception.com<\/a> | <a href=\"mailto:info@neoception.com\">info@neoception.com<\/a><br\/><br\/>Gesch\u00e4ftsf\u00fchrer:<br\/>Dr.-Ing. J\u00f6rg Nagel, Michael Bl\u00fcm<br\/>Reg.-Gericht: AG Mannheim, HRB 726560<br\/>Ust-ID Nr.: DE 309868772<br\/><br\/><strong>Haftungsausschluss<\/strong><br\/>Der Eigent\u00fcmer und Betreiber dieser Website (die \u201eWebsite\u201c) ist die Neoception GmbH, Mallaustrasse 50\u201356, D-68219 Mannheim, im Folgenden \u201edas Unternehmen\u201c genannt.<br\/>Die Informationen, Materialien, Gesch\u00e4ftsgeheimnisse, Technologien, Produkte, Prozesse, Datenbanken, Software, Dienstleistungen und ganz allgemein alle auf dieser Website ver\u00f6ffentlichten oder vorgeschlagenen Inhalte (die \u201eInformationen\u201c) unterliegen den folgenden Nutzungsbedingungen.<\/p>\n<\/div>\n\n\n\n<div class=\"section container -content py-xl  bg\">\n<h2 class=\"heading wp-block-heading\">2. Annahme der Nutzungsbedingungen<\/h2>\n\n\n\n<p>Indem Sie von dieser Website Gebrauch machen oder diese besuchen (unabh\u00e4ngig davon, ob Sie diese \u201eNutzungsbedingungen\u201c tats\u00e4chlich zur Kenntnis genommen haben), erkl\u00e4ren Sie Ihr Einverst\u00e4ndnis, alle nachfolgenden Nutzungsbedingungen anzuerkennen und einzuhalten. Das Recht, diese Website zu verwenden, ist personengebunden und auf den jeweiligen Benutzer beschr\u00e4nkt und darf nicht auf andere Personen oder Unternehmen \u00fcbertragen werden. Falls es erforderlich sein sollte, dass Sie ein Benutzerkonto er\u00f6ffnen, sind Sie als Benutzer (\u201eBenutzer\u201c) f\u00fcr die Verf\u00fcgungen \u00fcber Ihr Konto und f\u00fcr die Geheimhaltung Ihrer Zugangsdaten selbst verantwortlich. Sie sollten sicherstellen, dass bei jeder Verwendung Ihres Benutzerkontos die Nutzungsbedingungen eingehalten werden.<\/p>\n<\/div>\n\n\n\n<div class=\"section container -content py-xl  bg\">\n<h2 class=\"heading wp-block-heading\">3. Geistiges Eigentum<\/h2>\n\n\n\n<p>Die auf dieser Website ver\u00f6ffentlichten Informationen k\u00f6nnen unter anderem Texte, Software, Fotos, Videos, Grafiken, Musik oder andere Tonaufnahmen enthalten, die durch nationale oder internationale Copyright-, Urheber-, Patent- und Markenrechte gesch\u00fctzt sind.<br\/><br\/>Es werden keinerlei Lizenzen oder Nutzungsrechte an solchen markenrechtlich, Copyright, patent-, oder urheberrechtlich gesch\u00fctzte Inhalten, Betriebsgeheimnissen, Technologien, Produkten, Prozessen und anderen gesch\u00fctzten Rechtspositionen des Unternehmens und\/oder anderer Dritter gew\u00e4hrt oder \u00fcbertragen.<br\/><br\/>Sie d\u00fcrfen die auf dieser Website enthaltenen Informationen weder im Ganzen noch in Teilen \u00e4ndern, ver\u00f6ffentlichen oder an Dritte weiterleiten, sich nicht an einer \u00dcbertragung oder einem Verkauf beteiligen und keine Bearbeitungen der Informationen anfertigen oder die Informationen in irgendeiner Weise verwerten. Sie d\u00fcrfen urheberrechtlich gesch\u00fctzte Informationen nur f\u00fcr Ihren pers\u00f6nlichen Gebrauch herunterladen. Die Vervielf\u00e4ltigung, Weiterverteilung, Weiterleitung, Ver\u00f6ffentlichung oder gewerbliche Verwertung von heruntergeladenen Informationen ist nur mit unserer ausdr\u00fccklichen Genehmigung und der des Urheberrechtsinhabers gestattet.<br\/><br\/>Dies gilt nicht, soweit zwingende gesetzliche Regelungen die vorgenannten T\u00e4tigkeiten erlauben. Wenn urheberrechtlich gesch\u00fctztes Material kopiert, weiterverbreitet oder ver\u00f6ffentlicht werden darf, d\u00fcrfen Verfasserangaben, Handelsmarken, Text- oder Urheberrechtshinweise weder ge\u00e4ndert noch entfernt werden.<br\/><br\/>Sie d\u00fcrfen keine durch Urheberrecht, Markenrechte oder andere Schutzrechte gesch\u00fctzten Informationen ohne ausdr\u00fcckliche schriftliche Erlaubnis der Rechteinhaber auf dieser Website durch Hochladen, Bereitstellen oder auf andere Weise Dritten verf\u00fcgbar machen.<br\/><br\/>Sie sind pers\u00f6nlich haftbar f\u00fcr alle Sch\u00e4den und Anspr\u00fcche, die dem Unternehmen oder Dritten aus der Verletzung von Urheberrechten oder Eigentumsrechten entstehen, oder f\u00fcr jegliche andere Sch\u00e4den, die durch die unbefugte Weitergabe von Informationen durch Sie entstehen. Wenn Sie Informationen oder Inhalte auf der Website bereitstellen, gew\u00e4hrleisten oder garantieren Sie zugleich, dass Sie der uneingeschr\u00e4nkt verf\u00fcgungsberechtigte Eigent\u00fcmer dieser Informationen sind oder \u00fcber die erforderliche Befugnis des Eigent\u00fcmers verf\u00fcgen, dem Unternehmen ausdr\u00fccklich das kostenlose, zeitlich unbeschr\u00e4nkte, unwiderrufliche, nicht ausschlie\u00dfliche Recht und die Lizenz einzur\u00e4umen, diese Informationen oder Inhalte zu verwenden, zu reproduzieren, zu bearbeiten, zu adaptieren, zu ver\u00f6ffentlichen, zu \u00fcbersetzen und weltweit (ganz oder teilweise) zu verbreiten und\/oder diese Informationen mit anderen Werken zu verbinden und mit allen zur Zeit bekannten oder zu einem sp\u00e4teren Zeitpunkt entwickelten Gestaltungen, Medien oder Technologien zu verbinden \u2013 und zwar f\u00fcr die gesamte Dauer eines jeden Urheberrechts, das f\u00fcr diese Informationen oder Inhalte bestehen sollte. Dieses Recht, auf solche Informationen oder Inhalte zuzugreifen, sie zu betrachten, zu speichern oder zu reproduzieren, ist auch jedem anderen Benutzer dieser Website zum Zwecke des pers\u00f6nlichen Gebrauchs einzur\u00e4umen. ie gew\u00e4hren dem Unternehmen hiermit das Recht, jegliches auf der Website von Ihnen bereitgestellte Material zu bearbeiten, zu kopieren, zu ver\u00f6ffentlichen und zu verteilen.<br\/><br\/>Die vorstehenden Bestimmungen wirken zugunsten des Unternehmens, seiner Tochterunternehmen, seiner Partnerunternehmen, der Drittanbieter von Informationen oder Inhalten und der Lizenzgeber. Jeder der Vorgenannten hat das Recht, alle Rechte hieraus direkt oder in eigenem Namen geltend zu machen und durchzusetzen.<\/p>\n<\/div>\n\n\n\n<div class=\"section container -content py-xl  bg\">\n<h2 class=\"heading wp-block-heading\">4. Pflichten des Benutzers<\/h2>\n\n\n\n<p>Sie d\u00fcrfen die Website nur f\u00fcr rechtm\u00e4\u00dfige Zwecke verwenden und Sie d\u00fcrfen \u00fcber diese Website keine Informationen oder Inhalte bereitstellen oder verbreiten, die in irgendeiner Weise die Rechte Dritter verletzen, die ungesetzlichen, bedrohenden, beleidigenden Charakter haben, die verleumdend sind oder in anderer Weise private oder \u00f6ffentliche Rechte Dritter beeintr\u00e4chtigen, oder auf andere Weise gegen die guten Sitten versto\u00dfen, oder die geeignet sind, zu kriminellen Handlungen anzustiften oder zu ermutigen, oder eine zivilrechtliche Haftung nach sich ziehen oder zu anderweitigen Verst\u00f6\u00dfen gegen Gesetze f\u00fchren k\u00f6nnen, oder die, ohne die ausdr\u00fcckliche vorherige Erlaubnis des Unternehmens, Werbung oder Angebote f\u00fcr Produkte oder Dienstleistungen enth\u00e4lt.<br\/><br\/>Der Benutzer darf die Website unter keinen Umst\u00e4nden zu Werbezwecken benutzen, auch nicht dazu, anderen Benutzer der Website Hinweise zu geben, die diese veranlassen k\u00f6nnten, andere Online-Informationsdienste aufzurufen, insbesondere dann nicht, wenn sie mit dem Unternehmen oder den auf dieser Website angebotenen Produkten im Wettbewerb stehen.<br\/><br\/>Sie verpflichten sich daf\u00fcr Sorge zu tragen, dass Sie keine Hardware, Software oder sonstigen Ger\u00e4te benutzen, die die korrekte Funktion unserer Website behindern oder versuchen zu behindern, und dass Sie keine Handlungen unternehmen, die zu unangemessen oder unverh\u00e4ltnism\u00e4\u00dfig gro\u00dfen Belastungen unserer IT-Infrastruktur f\u00fchren. Des Weiteren erkl\u00e4ren Sie sich einverstanden, dass Sie ohne das vorherige ausdr\u00fcckliche Einverst\u00e4ndnis von Seiten des Unternehmens keine Roboter, Spider oder andere automatische Ger\u00e4te oder manuelle Vorg\u00e4nge nutzen, um unsere Webseite und die dortigen Informationen zu \u00fcberwachen oder zu kopieren. Ein solches Einverst\u00e4ndnis wird ausschlie\u00dflich f\u00fcr Standard-Suchmaschinentechnologien erteilt, die von Betreibern von Internetsuchmaschinen benutzt werden, um Internetnutzer zu dieser Website zu leiten.<br\/><br\/>Schlie\u00dflich d\u00fcrfen ohne vorherige schriftliche Erlaubnis des Unternehmens in einer anderen Website keine Links auf die Website eingerichtet werden.<\/p>\n<\/div>\n\n\n\n<div class=\"section container -content py-xl  bg\">\n<h2 class=\"heading wp-block-heading\">5. Haftungsausschluss &amp; Haftungsbeschr\u00e4nkung<\/h2>\n\n\n\n<p>Sie erkl\u00e4ren sich ausdr\u00fccklich damit einverstanden, diese Website auf eigenes Risiko zu benutzen.<br\/><br\/>S\u00c4MTLICHE INFORMATIONEN WURDEN VOM UNTERNEHMEN SORGF\u00c4LTIG ZUSAMMENGESTELLT. DIE INFORMATIONEN WERDEN DENNOCH OHNE JEDE GEW\u00c4HR UND OHNE JEGLICHE GARANTIE F\u00dcR VOLLST\u00c4NDIGKEIT ODER MANGELFREIHEIT BEREITGESTELLT. DIES GILT AUCH F\u00dcR ALLE ANGABEN ZUR MARKTG\u00c4NGIGKEIT, TAUGLICHKEIT F\u00dcR EINEN BESTIMMTEN ZWECK ODER ZUR FREIHEIT VON RECHTEN DRITTER. DER ANWENDUNG DER \u00dcBLICHEN SORGFALT SEITENS DES UNTERNEHMENS \u00dcBERNIMMT DAS UNTERNEHMEN KEINE HAFTUNG ODER GARANTIE DAF\u00dcR, DASS DIESE WEBSITE FEHLERFREI FUNKTIONIEREN WIRD UND\/ODER FREI VON COMPUTERVIREN IST.<br\/><br\/>Der Inhalt dieser Website dient allein zu Informationszwecken und das Unternehmen ist bestrebt, sicherzustellen, dass alle Informationen auf dieser Website richtig sind. Trotzdem k\u00f6nnen die Informationen des Unternehmens technische Ungenauigkeiten und Tipp- oder Druckfehler aufweisen. Das Unternehmen \u00fcbernimmt keine Verantwortung oder Haftung f\u00fcr derartige Ungenauigkeiten, Fehler oder Auslassungen.<br\/><br\/>Das Unternehmen, seine verbundenen Unternehmen, Informationsanbieter oder Inhaltspartner sowie deren leitende Angestellte, Direktoren oder Vertreter haften nicht f\u00fcr Fehler, Ungenauigkeiten, Auslassungen oder sonstige M\u00e4ngel in den Informationen oder f\u00fcr Verz\u00f6gerungen oder Unterbrechungen bei der \u00dcbermittlung dieser Informationen an einen Nutzer, unabh\u00e4ngig von der Ursache oder Dauer, oder f\u00fcr Anspr\u00fcche oder Verluste, die sich daraus ergeben oder dadurch verursacht werden. Sie erkennen hiermit an, dass die Bestimmungen dieses Abschnitts f\u00fcr alle auf der Website ver\u00f6ffentlichten Informationen gelten.<br\/><br\/>Das Unternehmen, seine Tochterunternehmen, seine Partnerunternehmen sowie Drittanbieter von Informationen oder Inhalten, und deren Organe, F\u00fchrungskr\u00e4fte, Direktoren oder Vertreter haften weder f\u00fcr Anspr\u00fcche Dritter noch f\u00fcr direkte, indirekte oder besondere Sch\u00e4den, Folgesch\u00e4den oder andere \u00e4hnliche Sch\u00e4den, einschlie\u00dflich Schadensersatzanspr\u00fcchen wegen entgangener Gewinne, Unterbrechungen des Gesch\u00e4ftsbetriebs, Verlust von gespeicherten Daten oder Programmen in Ihrem Informationsverarbeitungssystem, die durch die Benutzung der Website oder deren Ausfall verursacht werden. Dies gilt auch, wenn das Unternehmen zuvor vom Benutzer ausdr\u00fccklich auf die M\u00f6glichkeit des Eintritts solcher Sch\u00e4den hingewiesen wurde.<br\/><br\/>Das Unternehmen, seine Tochterunternehmen, seine Partnerunternehmen sowie Drittanbieter von Informationen oder Inhalten und deren Organe, F\u00fchrungskr\u00e4fte, Direktoren oder Vertreter \u00fcbernehmen keine Haftung f\u00fcr Investitionsentscheidungen, die auf der Grundlage der auf dieser Website ver\u00f6ffentlichten Informationen getroffen werden.<\/p>\n<\/div>\n\n\n\n<div class=\"section container -content py-xl  bg\">\n<h2 class=\"heading wp-block-heading\">6. Produktverf\u00fcgbarkeit<\/h2>\n\n\n\n<p>Die Website des Unternehmens kann Informationen \u00fcber weltweit im Sortiment der Pepperl+Fuchs Gruppe gef\u00fchrte Produkte enthalten, von denen nicht alle zu jeder Zeit und an jedem Ort verf\u00fcgbar sind. Ein Hinweis auf ein Produkt oder eine Dienstleistung der Pepperl+Fuchs Gruppe auf einer Website des Unternehmens impliziert nicht, dass ein solches Produkt oder eine solche Dienstleistung zu jeder Zeit und an jedem Ort verf\u00fcgbar sind.<\/p>\n<\/div>\n\n\n\n<div class=\"section container -content py-xl  bg\">\n<h2 class=\"heading wp-block-heading\">7. Verf\u00fcgbarkeiten auf Webseiten Dritter<\/h2>\n\n\n\n<p>Wenn Sie sich entscheiden, diese Website \u00fcber Verkn\u00fcpfungen auf andere Webseiten zu verlassen, die nicht im Eigentum von Unternehmen der Pepperl+Fuchs Gruppe stehen, ist das Unternehmen nicht f\u00fcr den Inhalt und die Einhaltung der Datenschutzrichtlinien und Nutzungsbedingungen dieser Webseiten verantwortlich. Das Gleiche gilt f\u00fcr die von solchen Webseiten verwendeten Cookies. Da das Unternehmen keine Kontrolle \u00fcber solche Webseiten und Quellen anderer Anbieter hat, erkennen Sie des Weiteren an und stimmen zu, dass das Unternehmen nicht verantwortlich ist f\u00fcr die Inhalte und die Verf\u00fcgbarkeit solcher externen Webseiten oder Quellen, und die Inhalte, Werbung, Produkte oder Informationen, die auf oder \u00fcber diese Seiten oder Quellen erh\u00e4ltlich sind, vom Unternehmen weder gepr\u00fcft noch bef\u00fcrwortet werden und deshalb das Unternehmen daf\u00fcr weder verantwortlich noch haftbar ist.<\/p>\n<\/div>\n\n\n\n<div class=\"section container -content py-xl  bg\">\n<h2 class=\"heading wp-block-heading\">8. \u00c4nderungen<\/h2>\n\n\n\n<p>Das Unternehmen beh\u00e4lt sich das Recht vor, jederzeit das \u00e4u\u00dfere Erscheinungsbild sowie die Eigenschaften dieser Website ganz oder teilweise zu \u00e4ndern oder zu entfernen, einschlie\u00dflich des Inhalts der Informationen, der Verf\u00fcgbarkeitszeiten und der f\u00fcr Zugang oder Benutzung der Website ben\u00f6tigten Ausr\u00fcstung.<br\/><br\/>Das Unternehmen beh\u00e4lt sich das Recht vor, jederzeit die Nutzungsbedingungen, ganz oder teilweise, zu \u00e4ndern oder zu modifizieren, oder neue Nutzungsbedingungen aufzustellen. Solche \u00c4nderungen, Modifikationen, Einf\u00fchrungen oder L\u00f6schungen werden sofort mit ihrer Bekanntmachung wirksam, die insbesondere, aber nicht ausschlie\u00dflich, durch Ver\u00f6ffentlichung auf dieser Website erfolgen kann, oder in dem Zeitpunkt, in dem der Benutzer auf andere Weise Kenntnis davon erh\u00e4lt. Jede Verwendung der Website durch einen Benutzer nach einer solchen Bekanntmachung gilt als Anerkennung der bekannt gemachten \u00c4nderungen, Modifikationen oder Hinzuf\u00fcgungen durch den Benutzer.<br\/><br\/>Die Nutzungsbedingungen wurden zuletzt aktualisiert am 30. Januar 2017.<\/p>\n<\/div>\n\n\n\n<div class=\"section container -content py-xl  bg\">\n<h2 class=\"heading wp-block-heading\">9. Vorhaltungen von Hardware und Ger\u00e4ten<\/h2>\n\n\n\n<p>Der Benutzer ist daf\u00fcr verantwortlich, sich alle f\u00fcr den Zugang auf die und die Verwendung der Website erforderlichen Telekommunikationsger\u00e4te, Computer-Hardware und andere Ausr\u00fcstung zu besorgen, zu warten und alle damit verbundenen Kosten zu tragen.<\/p>\n<\/div>\n\n\n\n<div class=\"section container -content py-xl  bg\">\n<h2 class=\"heading wp-block-heading\">10. Gerichtsstand, anwendbares Recht<\/h2>\n\n\n\n<p>Indem Sie diese Website besuchen, erkennen Sie die Zust\u00e4ndigkeit der Gerichte am Hauptgesch\u00e4ftssitz des Unternehmens sowie die Anwendung des dort geltenden nationalen Rechts f\u00fcr alle rechtlichen Auseinandersetzungen im Zusammenhang mit der Benutzung dieser Website an.<\/p>\n<\/div>\n\n","protected":false},"excerpt":{"rendered":"","protected":false},"author":6,"featured_media":0,"parent":0,"menu_order":0,"comment_status":"closed","ping_status":"closed","template":"","meta":{"content-type":"","hasTableOfContents":false,"footnotes":""},"class_list":["post-1782","page","type-page","status-publish","hentry"],"yoast_head":"<!-- This site is optimized with the Yoast SEO plugin v27.4 - https:\/\/yoast.com\/product\/yoast-seo-wordpress\/ -->\n<title>Impressum | Neoception<\/title>\n<meta name=\"description\" content=\"Diese Website (die &quot;Website&quot;) ist Eigentum und wird betrieben von der Neoception GmbH, einem Mitglied der Pepperl+Fuchs Gruppe.\" \/>\n<meta name=\"robots\" content=\"index, follow, max-snippet:-1, max-image-preview:large, max-video-preview:-1\" \/>\n<link rel=\"canonical\" href=\"https:\/\/www.neoception.com\/de\/impressum\/\" \/>\n<meta property=\"og:locale\" content=\"de_DE\" \/>\n<meta property=\"og:type\" content=\"article\" \/>\n<meta property=\"og:title\" content=\"Impressum | Neoception\" \/>\n<meta property=\"og:description\" content=\"Diese Website (die &quot;Website&quot;) ist Eigentum und wird betrieben von der Neoception GmbH, einem Mitglied der Pepperl+Fuchs Gruppe.\" \/>\n<meta property=\"og:url\" content=\"https:\/\/www.neoception.com\/de\/impressum\/\" \/>\n<meta property=\"og:site_name\" content=\"Neoception\" \/>\n<meta property=\"article:modified_time\" content=\"2026-01-20T14:48:40+00:00\" \/>\n<meta name=\"twitter:card\" content=\"summary_large_image\" \/>\n<meta name=\"twitter:label1\" content=\"Est. reading time\" \/>\n\t<meta name=\"twitter:data1\" content=\"9 minutes\" \/>\n<script type=\"application\/ld+json\" class=\"yoast-schema-graph\">{\"@context\":\"https:\\\/\\\/schema.org\",\"@graph\":[{\"@type\":\"WebPage\",\"@id\":\"https:\\\/\\\/www.neoception.com\\\/de\\\/impressum\\\/\",\"url\":\"https:\\\/\\\/www.neoception.com\\\/de\\\/impressum\\\/\",\"name\":\"Impressum | Neoception\",\"isPartOf\":{\"@id\":\"https:\\\/\\\/www.neoception.com\\\/de\\\/#website\"},\"datePublished\":\"2023-03-07T08:04:16+00:00\",\"dateModified\":\"2026-01-20T14:48:40+00:00\",\"description\":\"Diese Website (die \\\"Website\\\") ist Eigentum und wird betrieben von der Neoception GmbH, einem Mitglied der Pepperl+Fuchs Gruppe.\",\"breadcrumb\":{\"@id\":\"https:\\\/\\\/www.neoception.com\\\/de\\\/impressum\\\/#breadcrumb\"},\"inLanguage\":\"de-DE\",\"potentialAction\":[{\"@type\":\"ReadAction\",\"target\":[\"https:\\\/\\\/www.neoception.com\\\/de\\\/impressum\\\/\"]}]},{\"@type\":\"BreadcrumbList\",\"@id\":\"https:\\\/\\\/www.neoception.com\\\/de\\\/impressum\\\/#breadcrumb\",\"itemListElement\":[{\"@type\":\"ListItem\",\"position\":1,\"name\":\"Home\",\"item\":\"https:\\\/\\\/www.neoception.com\\\/de\\\/think-digital-add-value\\\/\"},{\"@type\":\"ListItem\",\"position\":2,\"name\":\"Impressum\"}]},{\"@type\":\"WebSite\",\"@id\":\"https:\\\/\\\/www.neoception.com\\\/de\\\/#website\",\"url\":\"https:\\\/\\\/www.neoception.com\\\/de\\\/\",\"name\":\"Neoception\",\"description\":\"Think digital, add value.\",\"potentialAction\":[{\"@type\":\"SearchAction\",\"target\":{\"@type\":\"EntryPoint\",\"urlTemplate\":\"https:\\\/\\\/www.neoception.com\\\/de\\\/?s={search_term_string}\"},\"query-input\":{\"@type\":\"PropertyValueSpecification\",\"valueRequired\":true,\"valueName\":\"search_term_string\"}}],\"inLanguage\":\"de-DE\"}]}<\/script>\n<!-- \/ Yoast SEO plugin. -->","yoast_head_json":{"title":"Impressum | Neoception","description":"Diese Website (die \"Website\") ist Eigentum und wird betrieben von der Neoception GmbH, einem Mitglied der Pepperl+Fuchs Gruppe.","robots":{"index":"index","follow":"follow","max-snippet":"max-snippet:-1","max-image-preview":"max-image-preview:large","max-video-preview":"max-video-preview:-1"},"canonical":"https:\/\/www.neoception.com\/de\/impressum\/","og_locale":"de_DE","og_type":"article","og_title":"Impressum | Neoception","og_description":"Diese Website (die \"Website\") ist Eigentum und wird betrieben von der Neoception GmbH, einem Mitglied der Pepperl+Fuchs Gruppe.","og_url":"https:\/\/www.neoception.com\/de\/impressum\/","og_site_name":"Neoception","article_modified_time":"2026-01-20T14:48:40+00:00","twitter_card":"summary_large_image","twitter_misc":{"Est. reading time":"9 minutes"},"schema":{"@context":"https:\/\/schema.org","@graph":[{"@type":"WebPage","@id":"https:\/\/www.neoception.com\/de\/impressum\/","url":"https:\/\/www.neoception.com\/de\/impressum\/","name":"Impressum | Neoception","isPartOf":{"@id":"https:\/\/www.neoception.com\/de\/#website"},"datePublished":"2023-03-07T08:04:16+00:00","dateModified":"2026-01-20T14:48:40+00:00","description":"Diese Website (die \"Website\") ist Eigentum und wird betrieben von der Neoception GmbH, einem Mitglied der Pepperl+Fuchs Gruppe.","breadcrumb":{"@id":"https:\/\/www.neoception.com\/de\/impressum\/#breadcrumb"},"inLanguage":"de-DE","potentialAction":[{"@type":"ReadAction","target":["https:\/\/www.neoception.com\/de\/impressum\/"]}]},{"@type":"BreadcrumbList","@id":"https:\/\/www.neoception.com\/de\/impressum\/#breadcrumb","itemListElement":[{"@type":"ListItem","position":1,"name":"Home","item":"https:\/\/www.neoception.com\/de\/think-digital-add-value\/"},{"@type":"ListItem","position":2,"name":"Impressum"}]},{"@type":"WebSite","@id":"https:\/\/www.neoception.com\/de\/#website","url":"https:\/\/www.neoception.com\/de\/","name":"Neoception","description":"Think digital, add value.","potentialAction":[{"@type":"SearchAction","target":{"@type":"EntryPoint","urlTemplate":"https:\/\/www.neoception.com\/de\/?s={search_term_string}"},"query-input":{"@type":"PropertyValueSpecification","valueRequired":true,"valueName":"search_term_string"}}],"inLanguage":"de-DE"}]}},"_links":{"self":[{"href":"https:\/\/www.neoception.com\/de\/wp-json\/wp\/v2\/pages\/1782","targetHints":{"allow":["GET"]}}],"collection":[{"href":"https:\/\/www.neoception.com\/de\/wp-json\/wp\/v2\/pages"}],"about":[{"href":"https:\/\/www.neoception.com\/de\/wp-json\/wp\/v2\/types\/page"}],"author":[{"embeddable":true,"href":"https:\/\/www.neoception.com\/de\/wp-json\/wp\/v2\/users\/6"}],"replies":[{"embeddable":true,"href":"https:\/\/www.neoception.com\/de\/wp-json\/wp\/v2\/comments?post=1782"}],"version-history":[{"count":0,"href":"https:\/\/www.neoception.com\/de\/wp-json\/wp\/v2\/pages\/1782\/revisions"}],"wp:attachment":[{"href":"https:\/\/www.neoception.com\/de\/wp-json\/wp\/v2\/media?parent=1782"}],"curies":[{"name":"wp","href":"https:\/\/api.w.org\/{rel}","templated":true}]}}