{"id":1774,"date":"2023-03-07T08:32:56","date_gmt":"2023-03-07T07:32:56","guid":{"rendered":"https:\/\/www.neoception.com\/kontakt\/"},"modified":"2024-10-29T13:14:43","modified_gmt":"2024-10-29T12:14:43","slug":"kontakt","status":"publish","type":"page","link":"https:\/\/www.neoception.com\/de\/kontakt\/","title":{"rendered":"Kontakt"},"content":{"rendered":"\n\n<div class=\"section container -content py-xl  bg\">\n<p><script charset=\"utf-8\" type=\"text\/javascript\" src=\"\/\/js-eu1.hsforms.net\/forms\/embed\/v2.js\"><\/script>\n<script>\n  hbspt.forms.create({\n    portalId: \"27006209\",\n    formId: \"e1d072af-7201-4cea-a264-88a5bcad6b0f\"\n  });\n<\/script><\/p>\n\n\n\n\n<\/div>\n\n","protected":false},"excerpt":{"rendered":"F\u00fcllen Sie das Formular mit Ihrer Frage aus und ein spezialisiertes Team wird sich so schnell wie m\u00f6glich mit Ihnen in Verbindung setzen, um eine L\u00f6sung f\u00fcr Ihr Problem zu finden.","protected":false},"author":1,"featured_media":0,"parent":0,"menu_order":0,"comment_status":"closed","ping_status":"closed","template":"","meta":{"content-type":"","hasTableOfContents":false,"footnotes":""},"class_list":["post-1774","page","type-page","status-publish","hentry"],"yoast_head":"<!-- This site is optimized with the Yoast SEO plugin v27.5 - https:\/\/yoast.com\/product\/yoast-seo-wordpress\/ -->\n<title>Kontakt | Neoception<\/title>\n<meta name=\"description\" content=\"F\u00fcllen Sie das Formular mit Ihrer Frage aus und ein spezialisiertes Team wird sich so schnell wie m\u00f6glich mit Ihnen in Verbindung setzen, um eine L\u00f6sung f\u00fcr Ihr Problem zu finden.\" \/>\n<meta name=\"robots\" content=\"index, follow, max-snippet:-1, max-image-preview:large, max-video-preview:-1\" \/>\n<link rel=\"canonical\" href=\"https:\/\/www.neoception.com\/de\/kontakt\/\" \/>\n<meta property=\"og:locale\" content=\"de_DE\" \/>\n<meta property=\"og:type\" content=\"article\" \/>\n<meta property=\"og:title\" content=\"Kontakt | Neoception\" \/>\n<meta property=\"og:description\" content=\"F\u00fcllen Sie das Formular mit Ihrer Frage aus und ein spezialisiertes Team wird sich so schnell wie m\u00f6glich mit Ihnen in Verbindung setzen, um eine L\u00f6sung f\u00fcr Ihr Problem zu finden.\" \/>\n<meta property=\"og:url\" content=\"https:\/\/www.neoception.com\/de\/kontakt\/\" \/>\n<meta property=\"og:site_name\" content=\"Neoception\" \/>\n<meta property=\"article:modified_time\" content=\"2024-10-29T12:14:43+00:00\" \/>\n<meta name=\"twitter:card\" content=\"summary_large_image\" \/>\n<script type=\"application\/ld+json\" class=\"yoast-schema-graph\">{\"@context\":\"https:\\\/\\\/schema.org\",\"@graph\":[{\"@type\":\"WebPage\",\"@id\":\"https:\\\/\\\/www.neoception.com\\\/de\\\/kontakt\\\/\",\"url\":\"https:\\\/\\\/www.neoception.com\\\/de\\\/kontakt\\\/\",\"name\":\"Kontakt | Neoception\",\"isPartOf\":{\"@id\":\"https:\\\/\\\/www.neoception.com\\\/de\\\/#website\"},\"datePublished\":\"2023-03-07T07:32:56+00:00\",\"dateModified\":\"2024-10-29T12:14:43+00:00\",\"description\":\"F\u00fcllen Sie das Formular mit Ihrer Frage aus und ein spezialisiertes Team wird sich so schnell wie m\u00f6glich mit Ihnen in Verbindung setzen, um eine L\u00f6sung f\u00fcr Ihr Problem zu finden.\",\"breadcrumb\":{\"@id\":\"https:\\\/\\\/www.neoception.com\\\/de\\\/kontakt\\\/#breadcrumb\"},\"inLanguage\":\"de-DE\",\"potentialAction\":[{\"@type\":\"ReadAction\",\"target\":[\"https:\\\/\\\/www.neoception.com\\\/de\\\/kontakt\\\/\"]}]},{\"@type\":\"BreadcrumbList\",\"@id\":\"https:\\\/\\\/www.neoception.com\\\/de\\\/kontakt\\\/#breadcrumb\",\"itemListElement\":[{\"@type\":\"ListItem\",\"position\":1,\"name\":\"Home\",\"item\":\"https:\\\/\\\/www.neoception.com\\\/de\\\/think-digital-add-value\\\/\"},{\"@type\":\"ListItem\",\"position\":2,\"name\":\"Kontakt\"}]},{\"@type\":\"WebSite\",\"@id\":\"https:\\\/\\\/www.neoception.com\\\/de\\\/#website\",\"url\":\"https:\\\/\\\/www.neoception.com\\\/de\\\/\",\"name\":\"Neoception\",\"description\":\"Think digital, add value.\",\"potentialAction\":[{\"@type\":\"SearchAction\",\"target\":{\"@type\":\"EntryPoint\",\"urlTemplate\":\"https:\\\/\\\/www.neoception.com\\\/de\\\/?s={search_term_string}\"},\"query-input\":{\"@type\":\"PropertyValueSpecification\",\"valueRequired\":true,\"valueName\":\"search_term_string\"}}],\"inLanguage\":\"de-DE\"}]}<\/script>\n<!-- \/ Yoast SEO plugin. -->","yoast_head_json":{"title":"Kontakt | Neoception","description":"F\u00fcllen Sie das Formular mit Ihrer Frage aus und ein spezialisiertes Team wird sich so schnell wie m\u00f6glich mit Ihnen in Verbindung setzen, um eine L\u00f6sung f\u00fcr Ihr Problem zu finden.","robots":{"index":"index","follow":"follow","max-snippet":"max-snippet:-1","max-image-preview":"max-image-preview:large","max-video-preview":"max-video-preview:-1"},"canonical":"https:\/\/www.neoception.com\/de\/kontakt\/","og_locale":"de_DE","og_type":"article","og_title":"Kontakt | Neoception","og_description":"F\u00fcllen Sie das Formular mit Ihrer Frage aus und ein spezialisiertes Team wird sich so schnell wie m\u00f6glich mit Ihnen in Verbindung setzen, um eine L\u00f6sung f\u00fcr Ihr Problem zu finden.","og_url":"https:\/\/www.neoception.com\/de\/kontakt\/","og_site_name":"Neoception","article_modified_time":"2024-10-29T12:14:43+00:00","twitter_card":"summary_large_image","schema":{"@context":"https:\/\/schema.org","@graph":[{"@type":"WebPage","@id":"https:\/\/www.neoception.com\/de\/kontakt\/","url":"https:\/\/www.neoception.com\/de\/kontakt\/","name":"Kontakt | Neoception","isPartOf":{"@id":"https:\/\/www.neoception.com\/de\/#website"},"datePublished":"2023-03-07T07:32:56+00:00","dateModified":"2024-10-29T12:14:43+00:00","description":"F\u00fcllen Sie das Formular mit Ihrer Frage aus und ein spezialisiertes Team wird sich so schnell wie m\u00f6glich mit Ihnen in Verbindung setzen, um eine L\u00f6sung f\u00fcr Ihr Problem zu finden.","breadcrumb":{"@id":"https:\/\/www.neoception.com\/de\/kontakt\/#breadcrumb"},"inLanguage":"de-DE","potentialAction":[{"@type":"ReadAction","target":["https:\/\/www.neoception.com\/de\/kontakt\/"]}]},{"@type":"BreadcrumbList","@id":"https:\/\/www.neoception.com\/de\/kontakt\/#breadcrumb","itemListElement":[{"@type":"ListItem","position":1,"name":"Home","item":"https:\/\/www.neoception.com\/de\/think-digital-add-value\/"},{"@type":"ListItem","position":2,"name":"Kontakt"}]},{"@type":"WebSite","@id":"https:\/\/www.neoception.com\/de\/#website","url":"https:\/\/www.neoception.com\/de\/","name":"Neoception","description":"Think digital, add value.","potentialAction":[{"@type":"SearchAction","target":{"@type":"EntryPoint","urlTemplate":"https:\/\/www.neoception.com\/de\/?s={search_term_string}"},"query-input":{"@type":"PropertyValueSpecification","valueRequired":true,"valueName":"search_term_string"}}],"inLanguage":"de-DE"}]}},"_links":{"self":[{"href":"https:\/\/www.neoception.com\/de\/wp-json\/wp\/v2\/pages\/1774","targetHints":{"allow":["GET"]}}],"collection":[{"href":"https:\/\/www.neoception.com\/de\/wp-json\/wp\/v2\/pages"}],"about":[{"href":"https:\/\/www.neoception.com\/de\/wp-json\/wp\/v2\/types\/page"}],"author":[{"embeddable":true,"href":"https:\/\/www.neoception.com\/de\/wp-json\/wp\/v2\/users\/1"}],"replies":[{"embeddable":true,"href":"https:\/\/www.neoception.com\/de\/wp-json\/wp\/v2\/comments?post=1774"}],"version-history":[{"count":0,"href":"https:\/\/www.neoception.com\/de\/wp-json\/wp\/v2\/pages\/1774\/revisions"}],"wp:attachment":[{"href":"https:\/\/www.neoception.com\/de\/wp-json\/wp\/v2\/media?parent=1774"}],"curies":[{"name":"wp","href":"https:\/\/api.w.org\/{rel}","templated":true}]}}